{"id":162,"date":"2020-12-12T18:21:27","date_gmt":"2020-12-12T17:21:27","guid":{"rendered":"http:\/\/pes.sciencespo-lille.eu\/?page_id=162"},"modified":"2025-12-18T09:49:44","modified_gmt":"2025-12-18T08:49:44","slug":"les-cours-en-cycle-master","status":"publish","type":"page","link":"https:\/\/pes.sciencespo-lille.eu\/index.php\/les-cours-en-cycle-master\/","title":{"rendered":"Les cours en cycle master"},"content":{"rendered":"\n<h2 class=\"wp-block-heading\">La maquette <\/h2>\n\n\n\n<p>Formation concr\u00e8te et professionnalisante, la majeure PES se d\u00e9marque par l\u2019<strong>intervention d\u2019acteurs ext\u00e9rieurs<\/strong> dans plusieurs s\u00e9minaires. Cette approche permet aux \u00e9tudiantes et aux \u00e9tudiants de d\u00e9couvrir \u00e0 travers leurs enseignants des m\u00e9tiers propres \u00e0 la soutenabilit\u00e9, tels que chef de projet \u00e9olien, charg\u00e9e de campagne, directrice d&rsquo;ONG ou encore collaborateur parlementaire europ\u00e9en.<\/p>\n\n\n\n<div style=\"height:26px\" aria-hidden=\"true\" class=\"wp-block-spacer\"><\/div>\n\n\n\n<figure class=\"wp-block-image size-full is-resized\"><img fetchpriority=\"high\" decoding=\"async\" width=\"1588\" height=\"852\" src=\"https:\/\/pes.sciencespo-lille.eu\/wp-content\/uploads\/2025\/12\/Capture-decran-2025-12-18-a-09.47.40-1.png\" alt=\"\" class=\"wp-image-659\" style=\"width:768px;height:502px\" srcset=\"https:\/\/pes.sciencespo-lille.eu\/wp-content\/uploads\/2025\/12\/Capture-decran-2025-12-18-a-09.47.40-1.png 1588w, https:\/\/pes.sciencespo-lille.eu\/wp-content\/uploads\/2025\/12\/Capture-decran-2025-12-18-a-09.47.40-1-300x161.png 300w, https:\/\/pes.sciencespo-lille.eu\/wp-content\/uploads\/2025\/12\/Capture-decran-2025-12-18-a-09.47.40-1-1024x549.png 1024w, https:\/\/pes.sciencespo-lille.eu\/wp-content\/uploads\/2025\/12\/Capture-decran-2025-12-18-a-09.47.40-1-768x412.png 768w, https:\/\/pes.sciencespo-lille.eu\/wp-content\/uploads\/2025\/12\/Capture-decran-2025-12-18-a-09.47.40-1-1536x824.png 1536w\" sizes=\"(max-width: 1588px) 100vw, 1588px\" \/><\/figure>\n\n\n\n<figure class=\"wp-block-image size-full is-resized\"><img decoding=\"async\" width=\"1588\" height=\"916\" src=\"https:\/\/pes.sciencespo-lille.eu\/wp-content\/uploads\/2025\/12\/Capture-decran-2025-12-18-a-09.47.52.png\" alt=\"\" class=\"wp-image-660\" style=\"width:766px;height:562px\" srcset=\"https:\/\/pes.sciencespo-lille.eu\/wp-content\/uploads\/2025\/12\/Capture-decran-2025-12-18-a-09.47.52.png 1588w, https:\/\/pes.sciencespo-lille.eu\/wp-content\/uploads\/2025\/12\/Capture-decran-2025-12-18-a-09.47.52-300x173.png 300w, https:\/\/pes.sciencespo-lille.eu\/wp-content\/uploads\/2025\/12\/Capture-decran-2025-12-18-a-09.47.52-1024x591.png 1024w, https:\/\/pes.sciencespo-lille.eu\/wp-content\/uploads\/2025\/12\/Capture-decran-2025-12-18-a-09.47.52-768x443.png 768w, https:\/\/pes.sciencespo-lille.eu\/wp-content\/uploads\/2025\/12\/Capture-decran-2025-12-18-a-09.47.52-1536x886.png 1536w\" sizes=\"(max-width: 1588px) 100vw, 1588px\" \/><\/figure>\n\n\n\n<figure class=\"wp-block-image size-full is-resized\"><img decoding=\"async\" width=\"1588\" height=\"878\" src=\"https:\/\/pes.sciencespo-lille.eu\/wp-content\/uploads\/2025\/12\/Capture-decran-2025-12-18-a-09.48.04.png\" alt=\"\" class=\"wp-image-661\" style=\"width:768px;height:548px\" srcset=\"https:\/\/pes.sciencespo-lille.eu\/wp-content\/uploads\/2025\/12\/Capture-decran-2025-12-18-a-09.48.04.png 1588w, https:\/\/pes.sciencespo-lille.eu\/wp-content\/uploads\/2025\/12\/Capture-decran-2025-12-18-a-09.48.04-300x166.png 300w, https:\/\/pes.sciencespo-lille.eu\/wp-content\/uploads\/2025\/12\/Capture-decran-2025-12-18-a-09.48.04-1024x566.png 1024w, https:\/\/pes.sciencespo-lille.eu\/wp-content\/uploads\/2025\/12\/Capture-decran-2025-12-18-a-09.48.04-768x425.png 768w, https:\/\/pes.sciencespo-lille.eu\/wp-content\/uploads\/2025\/12\/Capture-decran-2025-12-18-a-09.48.04-1536x849.png 1536w\" sizes=\"(max-width: 1588px) 100vw, 1588px\" \/><\/figure>\n\n\n\n<figure class=\"wp-block-image size-full is-resized\"><img loading=\"lazy\" decoding=\"async\" width=\"1588\" height=\"214\" src=\"https:\/\/pes.sciencespo-lille.eu\/wp-content\/uploads\/2025\/12\/Capture-decran-2025-12-18-a-09.48.15.png\" alt=\"\" class=\"wp-image-663\" style=\"width:771px;height:171px\" srcset=\"https:\/\/pes.sciencespo-lille.eu\/wp-content\/uploads\/2025\/12\/Capture-decran-2025-12-18-a-09.48.15.png 1588w, https:\/\/pes.sciencespo-lille.eu\/wp-content\/uploads\/2025\/12\/Capture-decran-2025-12-18-a-09.48.15-300x40.png 300w, https:\/\/pes.sciencespo-lille.eu\/wp-content\/uploads\/2025\/12\/Capture-decran-2025-12-18-a-09.48.15-1024x138.png 1024w, https:\/\/pes.sciencespo-lille.eu\/wp-content\/uploads\/2025\/12\/Capture-decran-2025-12-18-a-09.48.15-768x103.png 768w, https:\/\/pes.sciencespo-lille.eu\/wp-content\/uploads\/2025\/12\/Capture-decran-2025-12-18-a-09.48.15-1536x207.png 1536w\" sizes=\"(max-width: 1588px) 100vw, 1588px\" \/><\/figure>\n\n\n\n<div style=\"height:49px\" aria-hidden=\"true\" class=\"wp-block-spacer\"><\/div>\n\n\n\n<p><\/p>\n","protected":false},"excerpt":{"rendered":"<p>La maquette Formation concr\u00e8te et professionnalisante, la majeure PES se d\u00e9marque par l\u2019intervention d\u2019acteurs ext\u00e9rieurs dans plusieurs s\u00e9minaires. Cette approche permet aux \u00e9tudiantes et aux \u00e9tudiants de d\u00e9couvrir \u00e0 travers leurs enseignants des m\u00e9tiers propres \u00e0 la soutenabilit\u00e9, tels que chef de projet \u00e9olien, charg\u00e9e de campagne, directrice d&rsquo;ONG ou encore collaborateur parlementaire europ\u00e9en.<\/p>\n","protected":false},"author":1,"featured_media":0,"parent":0,"menu_order":0,"comment_status":"closed","ping_status":"closed","template":"","meta":{"_seopress_robots_primary_cat":"","_seopress_titles_title":"","_seopress_titles_desc":"","_seopress_robots_index":"","ocean_post_layout":"","ocean_both_sidebars_style":"","ocean_both_sidebars_content_width":0,"ocean_both_sidebars_sidebars_width":0,"ocean_sidebar":"0","ocean_second_sidebar":"0","ocean_disable_margins":"enable","ocean_add_body_class":"","ocean_shortcode_before_top_bar":"","ocean_shortcode_after_top_bar":"","ocean_shortcode_before_header":"","ocean_shortcode_after_header":"","ocean_has_shortcode":"","ocean_shortcode_after_title":"","ocean_shortcode_before_footer_widgets":"","ocean_shortcode_after_footer_widgets":"","ocean_shortcode_before_footer_bottom":"","ocean_shortcode_after_footer_bottom":"","ocean_display_top_bar":"default","ocean_display_header":"default","ocean_header_style":"","ocean_center_header_left_menu":"0","ocean_custom_header_template":"0","ocean_custom_logo":0,"ocean_custom_retina_logo":0,"ocean_custom_logo_max_width":0,"ocean_custom_logo_tablet_max_width":0,"ocean_custom_logo_mobile_max_width":0,"ocean_custom_logo_max_height":0,"ocean_custom_logo_tablet_max_height":0,"ocean_custom_logo_mobile_max_height":0,"ocean_header_custom_menu":"0","ocean_menu_typo_font_family":"0","ocean_menu_typo_font_subset":"","ocean_menu_typo_font_size":0,"ocean_menu_typo_font_size_tablet":0,"ocean_menu_typo_font_size_mobile":0,"ocean_menu_typo_font_size_unit":"px","ocean_menu_typo_font_weight":"","ocean_menu_typo_font_weight_tablet":"","ocean_menu_typo_font_weight_mobile":"","ocean_menu_typo_transform":"","ocean_menu_typo_transform_tablet":"","ocean_menu_typo_transform_mobile":"","ocean_menu_typo_line_height":0,"ocean_menu_typo_line_height_tablet":0,"ocean_menu_typo_line_height_mobile":0,"ocean_menu_typo_line_height_unit":"","ocean_menu_typo_spacing":0,"ocean_menu_typo_spacing_tablet":0,"ocean_menu_typo_spacing_mobile":0,"ocean_menu_typo_spacing_unit":"","ocean_menu_link_color":"","ocean_menu_link_color_hover":"","ocean_menu_link_color_active":"","ocean_menu_link_background":"","ocean_menu_link_hover_background":"","ocean_menu_link_active_background":"","ocean_menu_social_links_bg":"","ocean_menu_social_hover_links_bg":"","ocean_menu_social_links_color":"","ocean_menu_social_hover_links_color":"","ocean_disable_title":"default","ocean_disable_heading":"default","ocean_post_title":"","ocean_post_subheading":"","ocean_post_title_style":"","ocean_post_title_background_color":"","ocean_post_title_background":0,"ocean_post_title_bg_image_position":"","ocean_post_title_bg_image_attachment":"","ocean_post_title_bg_image_repeat":"","ocean_post_title_bg_image_size":"","ocean_post_title_height":0,"ocean_post_title_bg_overlay":0.5,"ocean_post_title_bg_overlay_color":"","ocean_disable_breadcrumbs":"default","ocean_breadcrumbs_color":"","ocean_breadcrumbs_separator_color":"","ocean_breadcrumbs_links_color":"","ocean_breadcrumbs_links_hover_color":"","ocean_display_footer_widgets":"default","ocean_display_footer_bottom":"default","ocean_custom_footer_template":"0","footnotes":""},"class_list":["post-162","page","type-page","status-publish","hentry","entry"],"_links":{"self":[{"href":"https:\/\/pes.sciencespo-lille.eu\/index.php\/wp-json\/wp\/v2\/pages\/162","targetHints":{"allow":["GET"]}}],"collection":[{"href":"https:\/\/pes.sciencespo-lille.eu\/index.php\/wp-json\/wp\/v2\/pages"}],"about":[{"href":"https:\/\/pes.sciencespo-lille.eu\/index.php\/wp-json\/wp\/v2\/types\/page"}],"author":[{"embeddable":true,"href":"https:\/\/pes.sciencespo-lille.eu\/index.php\/wp-json\/wp\/v2\/users\/1"}],"replies":[{"embeddable":true,"href":"https:\/\/pes.sciencespo-lille.eu\/index.php\/wp-json\/wp\/v2\/comments?post=162"}],"version-history":[{"count":12,"href":"https:\/\/pes.sciencespo-lille.eu\/index.php\/wp-json\/wp\/v2\/pages\/162\/revisions"}],"predecessor-version":[{"id":664,"href":"https:\/\/pes.sciencespo-lille.eu\/index.php\/wp-json\/wp\/v2\/pages\/162\/revisions\/664"}],"wp:attachment":[{"href":"https:\/\/pes.sciencespo-lille.eu\/index.php\/wp-json\/wp\/v2\/media?parent=162"}],"curies":[{"name":"wp","href":"https:\/\/api.w.org\/{rel}","templated":true}]}}