{"id":39,"date":"2020-11-16T20:16:41","date_gmt":"2020-11-16T19:16:41","guid":{"rendered":"http:\/\/ds.sciencespo-lille.eu\/?page_id=39"},"modified":"2022-10-29T17:19:31","modified_gmt":"2022-10-29T15:19:31","slug":"le-memoire-rapport-dexpertise-et-bachelorarbeit","status":"publish","type":"page","link":"https:\/\/pes.sciencespo-lille.eu\/index.php\/le-memoire-rapport-dexpertise-et-bachelorarbeit\/","title":{"rendered":"Le m\u00e9moire, rapport d&rsquo;expertise et Bachelorarbeit"},"content":{"rendered":"\n<p>La 4<sup>\u00e8me<\/sup>&nbsp;ann\u00e9e de la majeure PES est notamment marqu\u00e9e par la r\u00e9daction d\u2019un m\u00e9moire de recherche, rapport d\u2019expertise ou&nbsp;<em>Bachelorarbeit&nbsp;<\/em>(pour les \u00e9tudiantes et les \u00e9tudiants en FIFA).<\/p>\n\n\n\n<p>Voici quelques exemples de travaux de recherche r\u00e9alis\u00e9s par les \u00e9tudiantes et les \u00e9tudiants les ann\u00e9es pass\u00e9es.<\/p>\n\n\n\n<h3 class=\"wp-block-heading\"><strong>M\u00e9moires de recherche<\/strong><\/h3>\n\n\n\n<ul class=\"wp-block-list\"><li>BONET Anja, <em>L\u2019urbanisme alternatif : une voix professionnelle militante ? Cadrage autour de l\u2019engagement original du collectif \u00ab Pupik \u00bb<\/em> (2020)<\/li><li>BUSSIERE Fanny, <em>\u00ab \u00c9viter, R\u00e9duire, Compenser \u00bb : de la th\u00e9orie \u00e0 la pratique. La limitation des pertes de biodiversit\u00e9 sur le Grand Port Maritime de Dunkerque, un objectif initial perdu de vue au profit d&rsquo;un respect essentiellement formel des contraintes r\u00e9glementaires<\/em> (2019)<\/li><li>LOUB\u00c8S Olivier, <em>Quand la niche se frotte au r\u00e9gime : les projets citoyens de production d&rsquo;\u00e9nergies renouvelables au prisme de la perspective multi-niveaux<\/em>.\u00a0<em>Etude des projets photovolta\u00efques et bois-\u00e9nergie de deux soci\u00e9t\u00e9s des Hauts-de France<\/em> (2021)<\/li><li>ONDINE Cl\u00e9ment,\u00a0<em>D\u00e9veloppement urbain et risque d\u2019inondation : L\u2019enjeu de l\u2019eau\u00a0pour la r\u00e9gion Flandre-Dunkerque <\/em>(2020)<\/li><li>P\u00c9LEGRY Zo\u00e9,\u00a0<em>P\u00eacheurs artisanaux et \u00e9cologistes contre la p\u00eache \u00e9lectrique<\/em> (2020)<\/li><li>RENAUD Eva,\u00a0<em>Les publications du bulletin d\u2019information hebdomadaire de l\u2019Agence de presse r\u00e9habilitation \u00e9cologique (janvier 1973 &#8211; septembre 1974) : un aper\u00e7u de la n\u00e9buleuse \u00e9cologiste<\/em> (2021)<\/li><\/ul>\n\n\n\n<h3 class=\"wp-block-heading\"><strong>Rapports d\u2019expertise<\/strong><\/h3>\n\n\n\n<ul class=\"wp-block-list\"><li>MILAZZO Gabriel, <em>Quelle transition \u00e9cologique pour les \u00e9tudiants de Sciences Po Lille ? Etude statistique, sociologique et comportementale de l&#8217;empreinte carbone et de la perception des enjeux environnementaux des \u00e9tudiants de Sciences Po Lille<\/em> (2020)<\/li><li>BIGOT Ad\u00e8le, <em>L&rsquo;adaptation au changement climatique \u00e0 Lille<\/em> (2018)<\/li><li>DRIQUE Marie &#8211; SAMAMA Mathilde, <em>Lille face au pic p\u00e9trolier<\/em> (2012)<\/li><li>DUGRENIER Marion, <em>Politiques\u00a0publiques\u00a0de sobri\u00e9t\u00e9\u00a0\u00e9nerg\u00e9tique\u00a0en mati\u00e8re\u00a0de mobilit\u00e9, rapport d&rsquo;expertise pour Virage \u00e9nergie<\/em> (2018)<\/li><li>REBIBOU Maud, <em>La voiture \u00e9lectrique : chim\u00e8re ou solution ? Etude de cas et perspectives pour les Hauts-de-France<\/em> (2020)<\/li><\/ul>\n\n\n\n<p><\/p>\n\n\n\n<p>Vous pouvez \u00e9galement&nbsp;<a href=\"http:\/\/www.sciencespo-lille.eu\/bibliotheque\/documents-bibiliotheque\" data-type=\"URL\" target=\"_blank\" rel=\"noreferrer noopener\"><strong>consulter les archives<\/strong><\/a>&nbsp;des m\u00e9moires de recherche, rapports d\u2019expertise et&nbsp;<em>Bachelorarbeiten&nbsp;<\/em>des ann\u00e9es pr\u00e9c\u00e9dentes.<\/p>\n","protected":false},"excerpt":{"rendered":"<p>La 4\u00e8me&nbsp;ann\u00e9e de la majeure PES est notamment marqu\u00e9e par la r\u00e9daction d\u2019un m\u00e9moire de recherche, rapport d\u2019expertise ou&nbsp;Bachelorarbeit&nbsp;(pour les \u00e9tudiantes et les \u00e9tudiants en FIFA). Voici quelques exemples de travaux de recherche r\u00e9alis\u00e9s par les \u00e9tudiantes et les \u00e9tudiants les ann\u00e9es pass\u00e9es. M\u00e9moires de recherche BONET Anja, L\u2019urbanisme alternatif : une voix professionnelle militante [&hellip;]<\/p>\n","protected":false},"author":1,"featured_media":0,"parent":0,"menu_order":0,"comment_status":"closed","ping_status":"closed","template":"","meta":{"_seopress_robots_primary_cat":"","_seopress_titles_title":"","_seopress_titles_desc":"","_seopress_robots_index":"","ocean_post_layout":"","ocean_both_sidebars_style":"","ocean_both_sidebars_content_width":0,"ocean_both_sidebars_sidebars_width":0,"ocean_sidebar":"0","ocean_second_sidebar":"0","ocean_disable_margins":"enable","ocean_add_body_class":"","ocean_shortcode_before_top_bar":"","ocean_shortcode_after_top_bar":"","ocean_shortcode_before_header":"","ocean_shortcode_after_header":"","ocean_has_shortcode":"","ocean_shortcode_after_title":"","ocean_shortcode_before_footer_widgets":"","ocean_shortcode_after_footer_widgets":"","ocean_shortcode_before_footer_bottom":"","ocean_shortcode_after_footer_bottom":"","ocean_display_top_bar":"default","ocean_display_header":"default","ocean_header_style":"","ocean_center_header_left_menu":"0","ocean_custom_header_template":"0","ocean_custom_logo":0,"ocean_custom_retina_logo":0,"ocean_custom_logo_max_width":0,"ocean_custom_logo_tablet_max_width":0,"ocean_custom_logo_mobile_max_width":0,"ocean_custom_logo_max_height":0,"ocean_custom_logo_tablet_max_height":0,"ocean_custom_logo_mobile_max_height":0,"ocean_header_custom_menu":"0","ocean_menu_typo_font_family":"0","ocean_menu_typo_font_subset":"","ocean_menu_typo_font_size":0,"ocean_menu_typo_font_size_tablet":0,"ocean_menu_typo_font_size_mobile":0,"ocean_menu_typo_font_size_unit":"px","ocean_menu_typo_font_weight":"","ocean_menu_typo_font_weight_tablet":"","ocean_menu_typo_font_weight_mobile":"","ocean_menu_typo_transform":"","ocean_menu_typo_transform_tablet":"","ocean_menu_typo_transform_mobile":"","ocean_menu_typo_line_height":0,"ocean_menu_typo_line_height_tablet":0,"ocean_menu_typo_line_height_mobile":0,"ocean_menu_typo_line_height_unit":"","ocean_menu_typo_spacing":0,"ocean_menu_typo_spacing_tablet":0,"ocean_menu_typo_spacing_mobile":0,"ocean_menu_typo_spacing_unit":"","ocean_menu_link_color":"","ocean_menu_link_color_hover":"","ocean_menu_link_color_active":"","ocean_menu_link_background":"","ocean_menu_link_hover_background":"","ocean_menu_link_active_background":"","ocean_menu_social_links_bg":"","ocean_menu_social_hover_links_bg":"","ocean_menu_social_links_color":"","ocean_menu_social_hover_links_color":"","ocean_disable_title":"default","ocean_disable_heading":"default","ocean_post_title":"","ocean_post_subheading":"","ocean_post_title_style":"","ocean_post_title_background_color":"","ocean_post_title_background":0,"ocean_post_title_bg_image_position":"","ocean_post_title_bg_image_attachment":"","ocean_post_title_bg_image_repeat":"","ocean_post_title_bg_image_size":"","ocean_post_title_height":0,"ocean_post_title_bg_overlay":0.5,"ocean_post_title_bg_overlay_color":"","ocean_disable_breadcrumbs":"default","ocean_breadcrumbs_color":"","ocean_breadcrumbs_separator_color":"","ocean_breadcrumbs_links_color":"","ocean_breadcrumbs_links_hover_color":"","ocean_display_footer_widgets":"default","ocean_display_footer_bottom":"default","ocean_custom_footer_template":"0","footnotes":""},"class_list":["post-39","page","type-page","status-publish","hentry","entry"],"_links":{"self":[{"href":"https:\/\/pes.sciencespo-lille.eu\/index.php\/wp-json\/wp\/v2\/pages\/39","targetHints":{"allow":["GET"]}}],"collection":[{"href":"https:\/\/pes.sciencespo-lille.eu\/index.php\/wp-json\/wp\/v2\/pages"}],"about":[{"href":"https:\/\/pes.sciencespo-lille.eu\/index.php\/wp-json\/wp\/v2\/types\/page"}],"author":[{"embeddable":true,"href":"https:\/\/pes.sciencespo-lille.eu\/index.php\/wp-json\/wp\/v2\/users\/1"}],"replies":[{"embeddable":true,"href":"https:\/\/pes.sciencespo-lille.eu\/index.php\/wp-json\/wp\/v2\/comments?post=39"}],"version-history":[{"count":10,"href":"https:\/\/pes.sciencespo-lille.eu\/index.php\/wp-json\/wp\/v2\/pages\/39\/revisions"}],"predecessor-version":[{"id":366,"href":"https:\/\/pes.sciencespo-lille.eu\/index.php\/wp-json\/wp\/v2\/pages\/39\/revisions\/366"}],"wp:attachment":[{"href":"https:\/\/pes.sciencespo-lille.eu\/index.php\/wp-json\/wp\/v2\/media?parent=39"}],"curies":[{"name":"wp","href":"https:\/\/api.w.org\/{rel}","templated":true}]}}